{"id":20,"date":"2023-01-19T09:50:17","date_gmt":"2023-01-19T09:50:17","guid":{"rendered":"https:\/\/www.wypierdalaj.pl\/?page_id=20"},"modified":"2023-03-14T15:36:03","modified_gmt":"2023-03-14T15:36:03","slug":"misja","status":"publish","type":"page","link":"https:\/\/www.wypierdalaj.pl\/?page_id=20","title":{"rendered":"MISJA"},"content":{"rendered":"<div class=\"wp-block-image\">\n<figure class=\"alignleft size-large is-resized\"><img decoding=\"async\" loading=\"lazy\" src=\"https:\/\/www.wypierdalaj.pl\/wp-content\/uploads\/2023\/01\/goals-target-aspiration-perforated-paper-bullseye-1024x683.jpg\" alt=\"\" class=\"wp-image-45\" width=\"256\" height=\"171\" srcset=\"https:\/\/www.wypierdalaj.pl\/wp-content\/uploads\/2023\/01\/goals-target-aspiration-perforated-paper-bullseye-1024x683.jpg 1024w, https:\/\/www.wypierdalaj.pl\/wp-content\/uploads\/2023\/01\/goals-target-aspiration-perforated-paper-bullseye-300x200.jpg 300w, https:\/\/www.wypierdalaj.pl\/wp-content\/uploads\/2023\/01\/goals-target-aspiration-perforated-paper-bullseye-768x513.jpg 768w, https:\/\/www.wypierdalaj.pl\/wp-content\/uploads\/2023\/01\/goals-target-aspiration-perforated-paper-bullseye-1536x1025.jpg 1536w, https:\/\/www.wypierdalaj.pl\/wp-content\/uploads\/2023\/01\/goals-target-aspiration-perforated-paper-bullseye-2048x1367.jpg 2048w\" sizes=\"(max-width: 256px) 100vw, 256px\" \/><\/figure><\/div>\n\n\n<p>M\u00f3j cel to strona, kt\u00f3ra b\u0119dzie obrzydliwa, ale nie obra\u017aliwa, Strona Internetowa umo\u017cliwiaj\u0105ca wam wypowiedzenie si\u0119 kto i dla czego powinien wypierdala\u0107 z naszego \u017cycia, a kto nie.  To strona maj\u0105ca gromadzi\u0107 wypowiedzi, dzia\u0142ania kt\u00f3re s\u0105 z\u0142e, nieludzkie lub zwyczajnie g\u0142upie. Na pewno g\u0142upie i z\u0142e jest brak szacunku dla przeciwnika, dla innego cz\u0142owieka. <\/p>\n","protected":false},"excerpt":{"rendered":"<p>M\u00f3j cel to strona, kt\u00f3ra b\u0119dzie obrzydliwa, ale nie obra\u017aliwa, Strona Internetowa umo\u017cliwiaj\u0105ca wam wypowiedzenie si\u0119 kto i dla czego&hellip;<\/p>\n","protected":false},"author":1,"featured_media":0,"parent":0,"menu_order":0,"comment_status":"closed","ping_status":"closed","template":"","meta":[],"_links":{"self":[{"href":"https:\/\/www.wypierdalaj.pl\/index.php?rest_route=\/wp\/v2\/pages\/20"}],"collection":[{"href":"https:\/\/www.wypierdalaj.pl\/index.php?rest_route=\/wp\/v2\/pages"}],"about":[{"href":"https:\/\/www.wypierdalaj.pl\/index.php?rest_route=\/wp\/v2\/types\/page"}],"author":[{"embeddable":true,"href":"https:\/\/www.wypierdalaj.pl\/index.php?rest_route=\/wp\/v2\/users\/1"}],"replies":[{"embeddable":true,"href":"https:\/\/www.wypierdalaj.pl\/index.php?rest_route=%2Fwp%2Fv2%2Fcomments&post=20"}],"version-history":[{"count":4,"href":"https:\/\/www.wypierdalaj.pl\/index.php?rest_route=\/wp\/v2\/pages\/20\/revisions"}],"predecessor-version":[{"id":65,"href":"https:\/\/www.wypierdalaj.pl\/index.php?rest_route=\/wp\/v2\/pages\/20\/revisions\/65"}],"wp:attachment":[{"href":"https:\/\/www.wypierdalaj.pl\/index.php?rest_route=%2Fwp%2Fv2%2Fmedia&parent=20"}],"curies":[{"name":"wp","href":"https:\/\/api.w.org\/{rel}","templated":true}]}}