{"id":24,"date":"2023-01-19T10:04:35","date_gmt":"2023-01-19T10:04:35","guid":{"rendered":"https:\/\/www.wypierdalaj.pl\/?page_id=24"},"modified":"2023-03-28T19:39:38","modified_gmt":"2023-03-28T19:39:38","slug":"wsparcie","status":"publish","type":"page","link":"https:\/\/www.wypierdalaj.pl\/?page_id=24","title":{"rendered":"WSPARCIE"},"content":{"rendered":"<div class=\"wp-block-image is-style-default\">\n<figure class=\"alignleft size-full is-resized\"><img decoding=\"async\" loading=\"lazy\" src=\"https:\/\/www.wypierdalaj.pl\/wp-content\/uploads\/2023\/01\/busker-gcd7d4ac00_640.jpg\" alt=\"\" class=\"wp-image-40\" width=\"238\" height=\"179\" srcset=\"https:\/\/www.wypierdalaj.pl\/wp-content\/uploads\/2023\/01\/busker-gcd7d4ac00_640.jpg 640w, https:\/\/www.wypierdalaj.pl\/wp-content\/uploads\/2023\/01\/busker-gcd7d4ac00_640-300x225.jpg 300w, https:\/\/www.wypierdalaj.pl\/wp-content\/uploads\/2023\/01\/busker-gcd7d4ac00_640-160x120.jpg 160w\" sizes=\"(max-width: 238px) 100vw, 238px\" \/><\/figure><\/div>\n\n\n<p class=\"has-medium-font-size\"><strong>Je\u015bli chcesz wesprze\u0107 moj\u0105 dzia\u0142alno\u015b\u0107, postawi\u0107 mi kaw\u0119 za moj\u0105 prac\u0119. Podarowa\u0107 jakie\u015b &#8222;donate&#8221; na utrzymanie serwisu.  Uwa\u017casz, \u017ce taka strona powinna istnie\u0107. Wesprzyj mnie poprzez jedn\u0105 z poni\u017cszych form<\/strong>. <\/p>\n\n\n\n<p><\/p>\n\n\n\n<p><\/p>\n\n\n\n<p>&#8222;Postaw kaw\u0119 dla Dorjana&#8221;, b\u0119dzie to znak \u017ce powinienem dalej rozwija\u0107 ten serwis. <\/p>\n\n\n\n<p class=\"has-text-align-center\"><a href=\"https:\/\/www.buymeacoffee.com\/wypierdalaj\">Mo\u017cesz to zrobi\u0107 tutaj<\/a><\/p>\n\n\n\n<p>Je\u015bli natomiast zechcesz czynnie wesprze\u0107 rozw\u00f3j tego serwisu, przyczyni\u0107 si\u0119 do jego utrzymania to u\u017cyj swoich talark\u00f3w poprzez serwis PATRONITE gdzie mo\u017cesz przekaza\u0107 ma\u0142y lub wi\u0119kszy datek.<\/p>\n\n\n\n<a href=\"https:\/\/www.buymeacoffee.com\/wypierdalaj\">Jeszcze nie dzia\u0142a, ale mo\u017cesz postawi\u0107 kaw\u0119 \ud83d\ude00<\/a> \n\n\n\n<p>W przysz\u0142o\u015bci planuj\u0119 utworzy\u0107 tu miejsce dla darczy\u0144c\u00f3w i patron\u00f3w. Tak aby mieli wymierne korzy\u015bci ze swojego wsparcia.<\/p>\n\n\n\n<p>Dzi\u0119kuj\u0119 za wszelkie kawusie, donate i ciep\u0142e s\u0142owo.<\/p>\n\n\n\n<p class=\"has-text-align-left\">Je\u015bli masz ochot\u0119 podzieli\u0107 si\u0119 ze mn\u0105 uwagami lub pomys\u0142ami dotycz\u0105cymi tej strony to \u015bmia\u0142o pisz na formularzu w kontakcie. <\/p>\n\n\n\n<p>Dzi\u0119kuj\u0105c \u015blicznie pozdrawiam cieplutko Dorjan Rami\u0144ski.<\/p>\n","protected":false},"excerpt":{"rendered":"<p>Je\u015bli chcesz wesprze\u0107 moj\u0105 dzia\u0142alno\u015b\u0107, postawi\u0107 mi kaw\u0119 za moj\u0105 prac\u0119. Podarowa\u0107 jakie\u015b &#8222;donate&#8221; na utrzymanie serwisu. Uwa\u017casz, \u017ce taka&hellip;<\/p>\n","protected":false},"author":1,"featured_media":0,"parent":0,"menu_order":0,"comment_status":"closed","ping_status":"closed","template":"","meta":[],"_links":{"self":[{"href":"https:\/\/www.wypierdalaj.pl\/index.php?rest_route=\/wp\/v2\/pages\/24"}],"collection":[{"href":"https:\/\/www.wypierdalaj.pl\/index.php?rest_route=\/wp\/v2\/pages"}],"about":[{"href":"https:\/\/www.wypierdalaj.pl\/index.php?rest_route=\/wp\/v2\/types\/page"}],"author":[{"embeddable":true,"href":"https:\/\/www.wypierdalaj.pl\/index.php?rest_route=\/wp\/v2\/users\/1"}],"replies":[{"embeddable":true,"href":"https:\/\/www.wypierdalaj.pl\/index.php?rest_route=%2Fwp%2Fv2%2Fcomments&post=24"}],"version-history":[{"count":4,"href":"https:\/\/www.wypierdalaj.pl\/index.php?rest_route=\/wp\/v2\/pages\/24\/revisions"}],"predecessor-version":[{"id":133,"href":"https:\/\/www.wypierdalaj.pl\/index.php?rest_route=\/wp\/v2\/pages\/24\/revisions\/133"}],"wp:attachment":[{"href":"https:\/\/www.wypierdalaj.pl\/index.php?rest_route=%2Fwp%2Fv2%2Fmedia&parent=24"}],"curies":[{"name":"wp","href":"https:\/\/api.w.org\/{rel}","templated":true}]}}